{"id":2,"date":"2013-10-08T06:12:22","date_gmt":"2013-10-08T06:12:22","guid":{"rendered":"http:\/\/www.atheologie.de\/blog\/?page_id=2"},"modified":"2015-01-08T20:59:22","modified_gmt":"2015-01-08T18:59:22","slug":"beispiel-seite","status":"publish","type":"page","link":"https:\/\/www.atheologie.de\/blog\/?page_id=2","title":{"rendered":"Impressum"},"content":{"rendered":"<p>Inhaber und verantwortlich f\u00fcr diese Seiten:<br \/>\nMichael P. Geyer<br \/>\nSandbergstra\u00dfe 6<br \/>\n82234 We\u00dfling<br \/>\nwebmaster_at_atheologie.de<\/p>\n<p><a href=\"http:\/\/www.michael-geyer.de\" target=\"_blank\">www.Michael-Geyer.DE<\/a><\/p>\n<p>Kommentare werden nur selektiv freigeschaltet.<\/p>\n<p><iframe loading=\"lazy\" src=\"http:\/\/disclaimer.de\/disclaimer.htm?farbe=E5E5FF\/000088\/1111FF\/1111FF\" width=\"600\" height=\"240\"><\/iframe><\/p>\n","protected":false},"excerpt":{"rendered":"<p>Inhaber und verantwortlich f\u00fcr diese Seiten: Michael P. Geyer Sandbergstra\u00dfe 6 82234 We\u00dfling webmaster_at_atheologie.de www.Michael-Geyer.DE Kommentare werden nur selektiv freigeschaltet.<\/p>\n","protected":false},"author":1,"featured_media":0,"parent":0,"menu_order":0,"comment_status":"closed","ping_status":"closed","template":"","meta":{"footnotes":""},"class_list":["post-2","page","type-page","status-publish","hentry"],"_links":{"self":[{"href":"https:\/\/www.atheologie.de\/blog\/index.php?rest_route=\/wp\/v2\/pages\/2","targetHints":{"allow":["GET"]}}],"collection":[{"href":"https:\/\/www.atheologie.de\/blog\/index.php?rest_route=\/wp\/v2\/pages"}],"about":[{"href":"https:\/\/www.atheologie.de\/blog\/index.php?rest_route=\/wp\/v2\/types\/page"}],"author":[{"embeddable":true,"href":"https:\/\/www.atheologie.de\/blog\/index.php?rest_route=\/wp\/v2\/users\/1"}],"replies":[{"embeddable":true,"href":"https:\/\/www.atheologie.de\/blog\/index.php?rest_route=%2Fwp%2Fv2%2Fcomments&post=2"}],"version-history":[{"count":8,"href":"https:\/\/www.atheologie.de\/blog\/index.php?rest_route=\/wp\/v2\/pages\/2\/revisions"}],"predecessor-version":[{"id":575,"href":"https:\/\/www.atheologie.de\/blog\/index.php?rest_route=\/wp\/v2\/pages\/2\/revisions\/575"}],"wp:attachment":[{"href":"https:\/\/www.atheologie.de\/blog\/index.php?rest_route=%2Fwp%2Fv2%2Fmedia&parent=2"}],"curies":[{"name":"wp","href":"https:\/\/api.w.org\/{rel}","templated":true}]}}